{"id":576,"date":"2025-01-28T15:52:32","date_gmt":"2025-01-28T14:52:32","guid":{"rendered":"https:\/\/velvetforwomen.com\/?page_id=576"},"modified":"2025-05-28T22:31:42","modified_gmt":"2025-05-28T20:31:42","slug":"blog","status":"publish","type":"page","link":"https:\/\/velvetforwomen.com\/pt\/blog\/","title":{"rendered":"Blog"},"content":{"rendered":"<div data-elementor-type=\"wp-page\" data-elementor-id=\"576\" class=\"elementor elementor-576\" data-elementor-post-type=\"page\">\n\t\t\t\t<div class=\"elementor-element elementor-element-04a514b e-flex e-con-boxed e-con e-parent\" data-id=\"04a514b\" data-element_type=\"container\" data-settings=\"{&quot;background_background&quot;:&quot;classic&quot;}\">\n\t\t\t\t\t<div class=\"e-con-inner\">\n\t\t<div class=\"elementor-element elementor-element-59ee7d8 e-flex e-con-boxed e-con e-child\" data-id=\"59ee7d8\" data-element_type=\"container\" data-settings=\"{&quot;background_motion_fx_translateY_effect&quot;:&quot;yes&quot;,&quot;background_motion_fx_translateY_direction&quot;:&quot;negative&quot;,&quot;background_motion_fx_translateY_speed&quot;:{&quot;unit&quot;:&quot;px&quot;,&quot;size&quot;:1.5,&quot;sizes&quot;:[]},&quot;background_motion_fx_translateY_affectedRange&quot;:{&quot;unit&quot;:&quot;%&quot;,&quot;size&quot;:&quot;&quot;,&quot;sizes&quot;:{&quot;start&quot;:0,&quot;end&quot;:100}},&quot;background_motion_fx_devices&quot;:[&quot;desktop&quot;,&quot;tablet&quot;,&quot;mobile&quot;]}\">\n\t\t\t\t\t<div class=\"e-con-inner\">\n\t\t\t\t<div class=\"elementor-element elementor-element-0e8dab3 elementor-widget elementor-widget-heading\" data-id=\"0e8dab3\" data-element_type=\"widget\" data-widget_type=\"heading.default\">\n\t\t\t\t<div class=\"elementor-widget-container\">\n\t\t\t\t\t<h2 class=\"elementor-heading-title elementor-size-default\">BLOG<\/h2>\t\t\t\t<\/div>\n\t\t\t\t<\/div>\n\t\t\t\t<div class=\"elementor-element elementor-element-583e851 elementor-widget elementor-widget-heading\" data-id=\"583e851\" data-element_type=\"widget\" data-widget_type=\"heading.default\">\n\t\t\t\t<div class=\"elementor-widget-container\">\n\t\t\t\t\t<h2 class=\"elementor-heading-title elementor-size-default\">Dicas e estrat\u00e9gias profissionais de marketing no OnlyFans<\/h2>\t\t\t\t<\/div>\n\t\t\t\t<\/div>\n\t\t\t\t<div class=\"elementor-element elementor-element-91da7b7 elementor-widget elementor-widget-heading\" data-id=\"91da7b7\" data-element_type=\"widget\" data-widget_type=\"heading.default\">\n\t\t\t\t<div class=\"elementor-widget-container\">\n\t\t\t\t\t<h2 class=\"elementor-heading-title elementor-size-default\">Saiba mais sobre a ind\u00fastria OnlyFans com nossos t\u00f3picos interessantes e dicas \u00fateis para ter sucesso neste mundo em constante crescimento.<\/h2>\t\t\t\t<\/div>\n\t\t\t\t<\/div>\n\t\t\t\t\t<\/div>\n\t\t\t\t<\/div>\n\t\t\t\t\t<\/div>\n\t\t\t\t<\/div>\n\t\t<div class=\"elementor-element elementor-element-11ad483 e-flex e-con-boxed e-con e-parent\" data-id=\"11ad483\" data-element_type=\"container\">\n\t\t\t\t\t<div class=\"e-con-inner\">\n\t\t\t\t<div class=\"elementor-element elementor-element-847b0f2 elementor-search-form--skin-classic elementor-search-form--button-type-icon elementor-search-form--icon-search elementor-widget elementor-widget-search-form\" data-id=\"847b0f2\" data-element_type=\"widget\" data-settings=\"{&quot;skin&quot;:&quot;classic&quot;}\" data-widget_type=\"search-form.default\">\n\t\t\t\t<div class=\"elementor-widget-container\">\n\t\t\t\t\t\t\t<search role=\"search\">\n\t\t\t<form class=\"elementor-search-form\" action=\"https:\/\/velvetforwomen.com\/pt\/\" method=\"get\" data-trp-original-action=\"https:\/\/velvetforwomen.com\/pt\">\n\t\t\t\t\t\t\t\t\t\t\t\t<div class=\"elementor-search-form__container\">\n\t\t\t\t\t<label class=\"elementor-screen-only\" for=\"elementor-search-form-847b0f2\">Pesquisar<\/label>\n\n\t\t\t\t\t\n\t\t\t\t\t<input id=\"elementor-search-form-847b0f2\" placeholder=\"Pesquisar...\" class=\"elementor-search-form__input\" type=\"search\" name=\"s\" value=\"\">\n\t\t\t\t\t\n\t\t\t\t\t\t\t\t\t\t\t<button class=\"elementor-search-form__submit\" type=\"submit\" aria-label=\"Pesquisar\">\n\t\t\t\t\t\t\t\t\t\t\t\t\t\t\t<div class=\"e-font-icon-svg-container\"><svg class=\"fa fa-search e-font-icon-svg e-fas-search\" viewbox=\"0 0 512 512\" xmlns=\"http:\/\/www.w3.org\/2000\/svg\"><path d=\"M505 442.7L405.3 343c-4.5-4.5-10.6-7-17-7H372c27.6-35.3 44-79.7 44-128C416 93.1 322.9 0 208 0S0 93.1 0 208s93.1 208 208 208c48.3 0 92.7-16.4 128-44v16.3c0 6.4 2.5 12.5 7 17l99.7 99.7c9.4 9.4 24.6 9.4 33.9 0l28.3-28.3c9.4-9.4 9.4-24.6.1-34zM208 336c-70.7 0-128-57.2-128-128 0-70.7 57.2-128 128-128 70.7 0 128 57.2 128 128 0 70.7-57.2 128-128 128z\"><\/path><\/svg><\/div>\t\t\t\t\t\t\t\t\t\t\t\t\t<\/button>\n\t\t\t\t\t\n\t\t\t\t\t\t\t\t\t<\/div>\n\t\t\t<input type=\"hidden\" name=\"trp-form-language\" value=\"pt\"\/><\/form>\n\t\t<\/search>\n\t\t\t\t\t\t<\/div>\n\t\t\t\t<\/div>\n\t\t\t\t\t<\/div>\n\t\t\t\t<\/div>\n\t\t<div class=\"elementor-element elementor-element-a2cd508 e-flex e-con-boxed e-con e-parent\" data-id=\"a2cd508\" data-element_type=\"container\">\n\t\t\t\t\t<div class=\"e-con-inner\">\n\t\t\t\t<div class=\"elementor-element elementor-element-2b15e4c elementor-grid-3 elementor-grid-tablet-2 elementor-grid-mobile-1 elementor-posts--thumbnail-top elementor-card-shadow-yes elementor-posts__hover-gradient elementor-widget elementor-widget-posts\" data-id=\"2b15e4c\" data-element_type=\"widget\" data-settings=\"{&quot;cards_masonry&quot;:&quot;yes&quot;,&quot;cards_columns&quot;:&quot;3&quot;,&quot;cards_columns_tablet&quot;:&quot;2&quot;,&quot;cards_columns_mobile&quot;:&quot;1&quot;,&quot;cards_row_gap&quot;:{&quot;unit&quot;:&quot;px&quot;,&quot;size&quot;:35,&quot;sizes&quot;:[]},&quot;cards_row_gap_tablet&quot;:{&quot;unit&quot;:&quot;px&quot;,&quot;size&quot;:&quot;&quot;,&quot;sizes&quot;:[]},&quot;cards_row_gap_mobile&quot;:{&quot;unit&quot;:&quot;px&quot;,&quot;size&quot;:&quot;&quot;,&quot;sizes&quot;:[]}}\" data-widget_type=\"posts.cards\">\n\t\t\t\t<div class=\"elementor-widget-container\">\n\t\t\t\t\t\t\t<div class=\"elementor-posts-container elementor-posts elementor-posts--skin-cards elementor-grid\" role=\"list\">\n\t\t\t\t<article class=\"elementor-post elementor-grid-item post-5273 post type-post status-publish format-standard has-post-thumbnail hentry category-sin-categoria\" role=\"listitem\">\n\t\t\t<div class=\"elementor-post__card\">\n\t\t\t\t<a class=\"elementor-post__thumbnail__link\" href=\"https:\/\/velvetforwomen.com\/pt\/ultimate-bdsm-guide-beginners-onlyfans-2026\/\" tabindex=\"-1\"><div class=\"elementor-post__thumbnail\"><img fetchpriority=\"high\" decoding=\"async\" width=\"300\" height=\"169\" src=\"https:\/\/velvetforwomen.com\/wp-content\/uploads\/2026\/04\/BDSM-TOOLS-300x169.jpg\" class=\"attachment-medium size-medium wp-image-5275\" alt=\"Professional BDSM studio setup with high-end aesthetic gear and cinematic lighting for premium OnlyFans content\" srcset=\"https:\/\/velvetforwomen.com\/wp-content\/uploads\/2026\/04\/BDSM-TOOLS-300x169.jpg 300w, https:\/\/velvetforwomen.com\/wp-content\/uploads\/2026\/04\/BDSM-TOOLS-1024x576.jpg 1024w, https:\/\/velvetforwomen.com\/wp-content\/uploads\/2026\/04\/BDSM-TOOLS-768x432.jpg 768w, https:\/\/velvetforwomen.com\/wp-content\/uploads\/2026\/04\/BDSM-TOOLS-1536x864.jpg 1536w, https:\/\/velvetforwomen.com\/wp-content\/uploads\/2026\/04\/BDSM-TOOLS-18x10.jpg 18w, https:\/\/velvetforwomen.com\/wp-content\/uploads\/2026\/04\/BDSM-TOOLS.jpg 1920w\" sizes=\"(max-width: 300px) 100vw, 300px\" \/><\/div><\/a>\n\t\t\t\t<div class=\"elementor-post__text\">\n\t\t\t\t<h3 class=\"elementor-post__title\">\n\t\t\t<a href=\"https:\/\/velvetforwomen.com\/pt\/ultimate-bdsm-guide-beginners-onlyfans-2026\/\">\n\t\t\t\tBDSM Guide for Beginners: The Ultimate Strategy for High-Tier Kink Creators\t\t\t<\/a>\n\t\t<\/h3>\n\t\t\t\t<div class=\"elementor-post__excerpt\">\n\t\t\t<p>The &#8220;generalist&#8221; era of adult content is evolving. In 2026, the highest-earning creators [&hellip;]<\/p>\n\t\t<\/div>\n\t\t\n\t\t<a class=\"elementor-post__read-more\" href=\"https:\/\/velvetforwomen.com\/pt\/ultimate-bdsm-guide-beginners-onlyfans-2026\/\" aria-label=\"Leia mais sobre BDSM Guide for Beginners: The Ultimate Strategy for High-Tier Kink Creators\" tabindex=\"-1\">\n\t\t\tRead More \u00bb\t\t<\/a>\n\n\t\t\t\t<\/div>\n\t\t\t\t<div class=\"elementor-post__meta-data\">\n\t\t\t\t\t<span class=\"elementor-post-date\">\n\t\t\t22 de abril de 2026\t\t<\/span>\n\t\t\t\t<span class=\"elementor-post-avatar\">\n\t\t\tNenhum coment\u00e1rio\t\t<\/span>\n\t\t\t\t<\/div>\n\t\t\t\t\t<\/div>\n\t\t<\/article>\n\t\t\t\t<article class=\"elementor-post elementor-grid-item post-5225 post type-post status-publish format-standard has-post-thumbnail hentry category-onlyfans-tips tag-onlyfans-marketing tag-velvet-for-women tag--onlyfans tag---2026 tag-373 tag-372 tag-375\" role=\"listitem\">\n\t\t\t<div class=\"elementor-post__card\">\n\t\t\t\t<a class=\"elementor-post__thumbnail__link\" href=\"https:\/\/velvetforwomen.com\/pt\/anonimnost-i-kiberbezopasnost-onlyfans-2026\/\" tabindex=\"-1\"><div class=\"elementor-post__thumbnail\"><img decoding=\"async\" width=\"300\" height=\"169\" src=\"https:\/\/velvetforwomen.com\/wp-content\/uploads\/2026\/04\/model-feeling-safe-300x169.webp\" class=\"attachment-medium size-medium wp-image-5226\" alt=\"\u041f\u0440\u043e\u0444\u0435\u0441\u0441\u0438\u043e\u043d\u0430\u043b\u044c\u043d\u0430\u044f \u043c\u043e\u0434\u0435\u043b\u044c OnlyFans \u0432 \u043c\u0430\u0441\u043a\u0435 \u0438 \u0441\u0442\u0438\u043b\u044c\u043d\u044b\u0445 \u043e\u0447\u043a\u0430\u0445, \u0438\u0441\u043f\u043e\u043b\u044c\u0437\u0443\u044e\u0449\u0430\u044f \u0437\u0430\u0448\u0438\u0444\u0440\u043e\u0432\u0430\u043d\u043d\u044b\u0439 \u043d\u043e\u0443\u0442\u0431\u0443\u043a \u0434\u043b\u044f \u043e\u0431\u0435\u0441\u043f\u0435\u0447\u0435\u043d\u0438\u044f \u043f\u0440\u0438\u0432\u0430\u0442\u043d\u043e\u0441\u0442\u0438\" srcset=\"https:\/\/velvetforwomen.com\/wp-content\/uploads\/2026\/04\/model-feeling-safe-300x169.webp 300w, https:\/\/velvetforwomen.com\/wp-content\/uploads\/2026\/04\/model-feeling-safe-1024x576.webp 1024w, https:\/\/velvetforwomen.com\/wp-content\/uploads\/2026\/04\/model-feeling-safe-768x432.webp 768w, https:\/\/velvetforwomen.com\/wp-content\/uploads\/2026\/04\/model-feeling-safe-1536x864.webp 1536w, https:\/\/velvetforwomen.com\/wp-content\/uploads\/2026\/04\/model-feeling-safe-18x10.webp 18w, https:\/\/velvetforwomen.com\/wp-content\/uploads\/2026\/04\/model-feeling-safe.jpg 1920w\" sizes=\"(max-width: 300px) 100vw, 300px\" \/><\/div><\/a>\n\t\t\t\t<div class=\"elementor-post__text\">\n\t\t\t\t<h3 class=\"elementor-post__title\">\n\t\t\t<a href=\"https:\/\/velvetforwomen.com\/pt\/anonimnost-i-kiberbezopasnost-onlyfans-2026\/\">\n\t\t\t\t\u0410\u043d\u043e\u043d\u0438\u043c\u043d\u043e\u0441\u0442\u044c \u0438 \u043a\u0438\u0431\u0435\u0440\u0431\u0435\u0437\u043e\u043f\u0430\u0441\u043d\u043e\u0441\u0442\u044c \u043d\u0430 OnlyFans 2026: \u041a\u0430\u043a \u0437\u0430\u0449\u0438\u0442\u0438\u0442\u044c \u0441\u0435\u0431\u044f \u0432 \u043d\u043e\u0432\u043e\u0439 \u0440\u0435\u0430\u043b\u044c\u043d\u043e\u0441\u0442\u0438\t\t\t<\/a>\n\t\t<\/h3>\n\t\t\t\t<div class=\"elementor-post__excerpt\">\n\t\t\t<p>\u0410\u043d\u043e\u043d\u0438\u043c\u043d\u043e\u0441\u0442\u044c \u0438 \u043a\u0438\u0431\u0435\u0440\u0431\u0435\u0437\u043e\u043f\u0430\u0441\u043d\u043e\u0441\u0442\u044c \u043d\u0430 OnlyFans 2026: \u041a\u0430\u043a \u0437\u0430\u0449\u0438\u0442\u0438\u0442\u044c \u0441\u0435\u0431\u044f \u0432 \u043d\u043e\u0432\u043e\u0439 \u0440\u0435\u0430\u043b\u044c\u043d\u043e\u0441\u0442\u0438 \u0412 [&hellip;]<\/p>\n\t\t<\/div>\n\t\t\n\t\t<a class=\"elementor-post__read-more\" href=\"https:\/\/velvetforwomen.com\/pt\/anonimnost-i-kiberbezopasnost-onlyfans-2026\/\" aria-label=\"Leia mais sobre \u0410\u043d\u043e\u043d\u0438\u043c\u043d\u043e\u0441\u0442\u044c \u0438 \u043a\u0438\u0431\u0435\u0440\u0431\u0435\u0437\u043e\u043f\u0430\u0441\u043d\u043e\u0441\u0442\u044c \u043d\u0430 OnlyFans 2026: \u041a\u0430\u043a \u0437\u0430\u0449\u0438\u0442\u0438\u0442\u044c \u0441\u0435\u0431\u044f \u0432 \u043d\u043e\u0432\u043e\u0439 \u0440\u0435\u0430\u043b\u044c\u043d\u043e\u0441\u0442\u0438\" tabindex=\"-1\">\n\t\t\tRead More \u00bb\t\t<\/a>\n\n\t\t\t\t<\/div>\n\t\t\t\t<div class=\"elementor-post__meta-data\">\n\t\t\t\t\t<span class=\"elementor-post-date\">\n\t\t\t7 de abril de 2026\t\t<\/span>\n\t\t\t\t<span class=\"elementor-post-avatar\">\n\t\t\tNenhum coment\u00e1rio\t\t<\/span>\n\t\t\t\t<\/div>\n\t\t\t\t\t<\/div>\n\t\t<\/article>\n\t\t\t\t<article class=\"elementor-post elementor-grid-item post-5220 post type-post status-publish format-standard has-post-thumbnail hentry category-cosplayers tag-best-cosplayers tag-cosplay-marketing-for-creators tag-cosplayers-on-onlyfans tag-most-profitable-onlyfans-niches tag-niches-for-onlyfans tag-onlyfans-cosplayers tag-professional-cosplayers tag-t-cosplayers tag-velvet-for-women\" role=\"listitem\">\n\t\t\t<div class=\"elementor-post__card\">\n\t\t\t\t<a class=\"elementor-post__thumbnail__link\" href=\"https:\/\/velvetforwomen.com\/pt\/professional-cosplay-on-onlyfans-guide\/\" tabindex=\"-1\"><div class=\"elementor-post__thumbnail\"><img decoding=\"async\" width=\"300\" height=\"169\" src=\"https:\/\/velvetforwomen.com\/wp-content\/uploads\/2026\/04\/Cosplayer-girl-300x169.webp\" class=\"attachment-medium size-medium wp-image-5221\" alt=\"Professional cosplayer in a high-tech studio setting using a 3D printed prop for an OnlyFans content shoot\" srcset=\"https:\/\/velvetforwomen.com\/wp-content\/uploads\/2026\/04\/Cosplayer-girl-300x169.webp 300w, https:\/\/velvetforwomen.com\/wp-content\/uploads\/2026\/04\/Cosplayer-girl-1024x576.webp 1024w, https:\/\/velvetforwomen.com\/wp-content\/uploads\/2026\/04\/Cosplayer-girl-768x432.webp 768w, https:\/\/velvetforwomen.com\/wp-content\/uploads\/2026\/04\/Cosplayer-girl-1536x864.webp 1536w, https:\/\/velvetforwomen.com\/wp-content\/uploads\/2026\/04\/Cosplayer-girl-18x10.webp 18w, https:\/\/velvetforwomen.com\/wp-content\/uploads\/2026\/04\/Cosplayer-girl.jpg 1920w\" sizes=\"(max-width: 300px) 100vw, 300px\" \/><\/div><\/a>\n\t\t\t\t<div class=\"elementor-post__text\">\n\t\t\t\t<h3 class=\"elementor-post__title\">\n\t\t\t<a href=\"https:\/\/velvetforwomen.com\/pt\/professional-cosplay-on-onlyfans-guide\/\">\n\t\t\t\tFrom Fan to Pro: How to Dominate the OnlyFans Cosplay Niche Like a Star\t\t\t<\/a>\n\t\t<\/h3>\n\t\t\t\t<div class=\"elementor-post__excerpt\">\n\t\t\t<p>In 2026, the line between a hobbyist and a professional has been drawn [&hellip;]<\/p>\n\t\t<\/div>\n\t\t\n\t\t<a class=\"elementor-post__read-more\" href=\"https:\/\/velvetforwomen.com\/pt\/professional-cosplay-on-onlyfans-guide\/\" aria-label=\"Leia mais sobre From Fan to Pro: How to Dominate the OnlyFans Cosplay Niche Like a Star\" tabindex=\"-1\">\n\t\t\tRead More \u00bb\t\t<\/a>\n\n\t\t\t\t<\/div>\n\t\t\t\t<div class=\"elementor-post__meta-data\">\n\t\t\t\t\t<span class=\"elementor-post-date\">\n\t\t\t4 de abril de 2026\t\t<\/span>\n\t\t\t\t<span class=\"elementor-post-avatar\">\n\t\t\tNenhum coment\u00e1rio\t\t<\/span>\n\t\t\t\t<\/div>\n\t\t\t\t\t<\/div>\n\t\t<\/article>\n\t\t\t\t<article class=\"elementor-post elementor-grid-item post-5217 post type-post status-publish format-standard has-post-thumbnail hentry category-onlyfans-niches category-onlyfans-tips tag-cosplayers-on-onlyfans tag-ebony-onlyfans tag-high-ticket-fan-niches tag-most-profitable-onlyfans-niches-2026 tag-niches-for-onlyfans tag-onlyfans-cosplayers tag-onlyfans-niches\" role=\"listitem\">\n\t\t\t<div class=\"elementor-post__card\">\n\t\t\t\t<a class=\"elementor-post__thumbnail__link\" href=\"https:\/\/velvetforwomen.com\/pt\/most-profitable-onlyfans-niches-2026\/\" tabindex=\"-1\"><div class=\"elementor-post__thumbnail\"><img loading=\"lazy\" decoding=\"async\" width=\"300\" height=\"169\" src=\"https:\/\/velvetforwomen.com\/wp-content\/uploads\/2026\/04\/Niche-onlyfans-model-300x169.webp\" class=\"attachment-medium size-medium wp-image-5218\" alt=\"Professional OnlyFans model researching profitable niches and market trends on a laptop in a modern home office\" srcset=\"https:\/\/velvetforwomen.com\/wp-content\/uploads\/2026\/04\/Niche-onlyfans-model-300x169.webp 300w, https:\/\/velvetforwomen.com\/wp-content\/uploads\/2026\/04\/Niche-onlyfans-model-1024x576.webp 1024w, https:\/\/velvetforwomen.com\/wp-content\/uploads\/2026\/04\/Niche-onlyfans-model-768x432.webp 768w, https:\/\/velvetforwomen.com\/wp-content\/uploads\/2026\/04\/Niche-onlyfans-model-1536x864.webp 1536w, https:\/\/velvetforwomen.com\/wp-content\/uploads\/2026\/04\/Niche-onlyfans-model-18x10.webp 18w, https:\/\/velvetforwomen.com\/wp-content\/uploads\/2026\/04\/Niche-onlyfans-model.jpg 1920w\" sizes=\"(max-width: 300px) 100vw, 300px\" \/><\/div><\/a>\n\t\t\t\t<div class=\"elementor-post__text\">\n\t\t\t\t<h3 class=\"elementor-post__title\">\n\t\t\t<a href=\"https:\/\/velvetforwomen.com\/pt\/most-profitable-onlyfans-niches-2026\/\">\n\t\t\t\tGold Mines: The 7 Most Profitable OnlyFans Niches You Need to Know in 2026\t\t\t<\/a>\n\t\t<\/h3>\n\t\t\t\t<div class=\"elementor-post__excerpt\">\n\t\t\t<p>The &#8220;generalist&#8221; era of OnlyFans is over. In 2026, the creators who are [&hellip;]<\/p>\n\t\t<\/div>\n\t\t\n\t\t<a class=\"elementor-post__read-more\" href=\"https:\/\/velvetforwomen.com\/pt\/most-profitable-onlyfans-niches-2026\/\" aria-label=\"Leia mais sobre Gold Mines: The 7 Most Profitable OnlyFans Niches You Need to Know in 2026\" tabindex=\"-1\">\n\t\t\tRead More \u00bb\t\t<\/a>\n\n\t\t\t\t<\/div>\n\t\t\t\t<div class=\"elementor-post__meta-data\">\n\t\t\t\t\t<span class=\"elementor-post-date\">\n\t\t\t3 de abril de 2026\t\t<\/span>\n\t\t\t\t<span class=\"elementor-post-avatar\">\n\t\t\tNenhum coment\u00e1rio\t\t<\/span>\n\t\t\t\t<\/div>\n\t\t\t\t\t<\/div>\n\t\t<\/article>\n\t\t\t\t<article class=\"elementor-post elementor-grid-item post-5213 post type-post status-publish format-standard has-post-thumbnail hentry category-onlyfans-tips tag-velvet-for-women tag----onlyfans-2026 tag-358 tag--onlyfans tag-360 tag-355 tag-357\" role=\"listitem\">\n\t\t\t<div class=\"elementor-post__card\">\n\t\t\t\t<a class=\"elementor-post__thumbnail__link\" href=\"https:\/\/velvetforwomen.com\/pt\/nalogi-i-vyvod-deneg-onlyfans-2026\/\" tabindex=\"-1\"><div class=\"elementor-post__thumbnail\"><img loading=\"lazy\" decoding=\"async\" width=\"300\" height=\"169\" src=\"https:\/\/velvetforwomen.com\/wp-content\/uploads\/2026\/03\/onlyfans-russsian-300x169.webp\" class=\"attachment-medium size-medium wp-image-5214\" alt=\"\u0421\u0447\u0430\u0441\u0442\u043b\u0438\u0432\u0430\u044f \u043c\u043e\u0434\u0435\u043b\u044c OnlyFans \u0438\u0437 \u0420\u043e\u0441\u0441\u0438\u0438 \u043f\u0440\u043e\u0432\u0435\u0440\u044f\u0435\u0442 \u0443\u0441\u043f\u0435\u0448\u043d\u044b\u0439 \u0432\u044b\u0432\u043e\u0434 \u0441\u0440\u0435\u0434\u0441\u0442\u0432 \u043d\u0430 \u0441\u0432\u043e\u0435\u043c \u0441\u043c\u0430\u0440\u0442\u0444\u043e\u043d\u0435\" srcset=\"https:\/\/velvetforwomen.com\/wp-content\/uploads\/2026\/03\/onlyfans-russsian-300x169.webp 300w, https:\/\/velvetforwomen.com\/wp-content\/uploads\/2026\/03\/onlyfans-russsian-1024x576.webp 1024w, https:\/\/velvetforwomen.com\/wp-content\/uploads\/2026\/03\/onlyfans-russsian-768x432.webp 768w, https:\/\/velvetforwomen.com\/wp-content\/uploads\/2026\/03\/onlyfans-russsian-1536x864.webp 1536w, https:\/\/velvetforwomen.com\/wp-content\/uploads\/2026\/03\/onlyfans-russsian-18x10.webp 18w, https:\/\/velvetforwomen.com\/wp-content\/uploads\/2026\/03\/onlyfans-russsian.jpg 1920w\" sizes=\"(max-width: 300px) 100vw, 300px\" \/><\/div><\/a>\n\t\t\t\t<div class=\"elementor-post__text\">\n\t\t\t\t<h3 class=\"elementor-post__title\">\n\t\t\t<a href=\"https:\/\/velvetforwomen.com\/pt\/nalogi-i-vyvod-deneg-onlyfans-2026\/\">\n\t\t\t\t\u041d\u0430\u043b\u043e\u0433\u0438 \u0438 \u0432\u044b\u0432\u043e\u0434 \u0434\u0435\u043d\u0435\u0433 \u0441 OnlyFans 2026: \u041f\u043e\u043b\u043d\u044b\u0439 \u0433\u0438\u0434 \u043f\u043e \u043b\u0435\u0433\u0430\u043b\u0438\u0437\u0430\u0446\u0438\u0438 \u0434\u043e\u0445\u043e\u0434\u043e\u0432\t\t\t<\/a>\n\t\t<\/h3>\n\t\t\t\t<div class=\"elementor-post__excerpt\">\n\t\t\t<p>\u0412 2026 \u0433\u043e\u0434\u0443 \u0440\u0430\u0431\u043e\u0442\u0430 \u043d\u0430 \u043c\u0435\u0436\u0434\u0443\u043d\u0430\u0440\u043e\u0434\u043d\u044b\u0445 \u043f\u043b\u0430\u0442\u0444\u043e\u0440\u043c\u0430\u0445 \u0438\u0437 \u0420\u043e\u0441\u0441\u0438\u0438 \u0438 \u0441\u0442\u0440\u0430\u043d \u0421\u041d\u0413 \u0442\u0440\u0435\u0431\u0443\u0435\u0442 [&hellip;]<\/p>\n\t\t<\/div>\n\t\t\n\t\t<a class=\"elementor-post__read-more\" href=\"https:\/\/velvetforwomen.com\/pt\/nalogi-i-vyvod-deneg-onlyfans-2026\/\" aria-label=\"Leia mais sobre \u041d\u0430\u043b\u043e\u0433\u0438 \u0438 \u0432\u044b\u0432\u043e\u0434 \u0434\u0435\u043d\u0435\u0433 \u0441 OnlyFans 2026: \u041f\u043e\u043b\u043d\u044b\u0439 \u0433\u0438\u0434 \u043f\u043e \u043b\u0435\u0433\u0430\u043b\u0438\u0437\u0430\u0446\u0438\u0438 \u0434\u043e\u0445\u043e\u0434\u043e\u0432\" tabindex=\"-1\">\n\t\t\tRead More \u00bb\t\t<\/a>\n\n\t\t\t\t<\/div>\n\t\t\t\t<div class=\"elementor-post__meta-data\">\n\t\t\t\t\t<span class=\"elementor-post-date\">\n\t\t\t27 de mar\u00e7o de 2026\t\t<\/span>\n\t\t\t\t<span class=\"elementor-post-avatar\">\n\t\t\tNenhum coment\u00e1rio\t\t<\/span>\n\t\t\t\t<\/div>\n\t\t\t\t\t<\/div>\n\t\t<\/article>\n\t\t\t\t<article class=\"elementor-post elementor-grid-item post-5207 post type-post status-publish format-standard has-post-thumbnail hentry category-onlyfans-tips tag-how-to-create-onlyfans-account tag-how-to-make-onlyfans-content tag-onlyfans-anonymous-setup tag-onlyfans-verification-process-2026 tag-starting-onlyfans-as-a-beginner\" role=\"listitem\">\n\t\t\t<div class=\"elementor-post__card\">\n\t\t\t\t<a class=\"elementor-post__thumbnail__link\" href=\"https:\/\/velvetforwomen.com\/pt\/how-to-create-onlyfans-account-guide-2026\/\" tabindex=\"-1\"><div class=\"elementor-post__thumbnail\"><img loading=\"lazy\" decoding=\"async\" width=\"300\" height=\"169\" src=\"https:\/\/velvetforwomen.com\/wp-content\/uploads\/2026\/03\/Model-staring-300x169.webp\" class=\"attachment-medium size-medium wp-image-5208\" alt=\"Model creating OnlyFans account\" srcset=\"https:\/\/velvetforwomen.com\/wp-content\/uploads\/2026\/03\/Model-staring-300x169.webp 300w, https:\/\/velvetforwomen.com\/wp-content\/uploads\/2026\/03\/Model-staring-1024x576.webp 1024w, https:\/\/velvetforwomen.com\/wp-content\/uploads\/2026\/03\/Model-staring-768x432.webp 768w, https:\/\/velvetforwomen.com\/wp-content\/uploads\/2026\/03\/Model-staring-1536x864.webp 1536w, https:\/\/velvetforwomen.com\/wp-content\/uploads\/2026\/03\/Model-staring-18x10.webp 18w, https:\/\/velvetforwomen.com\/wp-content\/uploads\/2026\/03\/Model-staring.jpg 1920w\" sizes=\"(max-width: 300px) 100vw, 300px\" \/><\/div><\/a>\n\t\t\t\t<div class=\"elementor-post__text\">\n\t\t\t\t<h3 class=\"elementor-post__title\">\n\t\t\t<a href=\"https:\/\/velvetforwomen.com\/pt\/how-to-create-onlyfans-account-guide-2026\/\">\n\t\t\t\tThe 2026 Blueprint: How to Create an OnlyFans Account and Get Verified Instantly\t\t\t<\/a>\n\t\t<\/h3>\n\t\t\t\t<div class=\"elementor-post__excerpt\">\n\t\t\t<p>Welcome to the creator economy. If you are reading this, you\u2019ve decided to [&hellip;]<\/p>\n\t\t<\/div>\n\t\t\n\t\t<a class=\"elementor-post__read-more\" href=\"https:\/\/velvetforwomen.com\/pt\/how-to-create-onlyfans-account-guide-2026\/\" aria-label=\"Leia mais sobre The 2026 Blueprint: How to Create an OnlyFans Account and Get Verified Instantly\" tabindex=\"-1\">\n\t\t\tRead More \u00bb\t\t<\/a>\n\n\t\t\t\t<\/div>\n\t\t\t\t<div class=\"elementor-post__meta-data\">\n\t\t\t\t\t<span class=\"elementor-post-date\">\n\t\t\t26 de mar\u00e7o de 2026\t\t<\/span>\n\t\t\t\t<span class=\"elementor-post-avatar\">\n\t\t\tNenhum coment\u00e1rio\t\t<\/span>\n\t\t\t\t<\/div>\n\t\t\t\t\t<\/div>\n\t\t<\/article>\n\t\t\t\t<\/div>\n\t\t\n\t\t\t\t\t\t<\/div>\n\t\t\t\t<\/div>\n\t\t\t\t\t<\/div>\n\t\t\t\t<\/div>\n\t\t<div class=\"elementor-element elementor-element-d4f9919 e-grid e-con-boxed e-con e-parent\" data-id=\"d4f9919\" data-element_type=\"container\">\n\t\t\t\t\t<div class=\"e-con-inner\">\n\t\t\t\t\t<\/div>\n\t\t\t\t<\/div>\n\t\t\t\t<\/div>","protected":false},"excerpt":{"rendered":"<p>BLOG Tips and Marketing Pro Strategies in OnlyFans Learn more about the OnlyFans [&hellip;]<\/p>","protected":false},"author":1,"featured_media":0,"parent":0,"menu_order":0,"comment_status":"closed","ping_status":"closed","template":"elementor_header_footer","meta":{"om_disable_all_campaigns":false,"_monsterinsights_skip_tracking":false,"_monsterinsights_sitenote_active":false,"_monsterinsights_sitenote_note":"","_monsterinsights_sitenote_category":0,"footnotes":""},"class_list":["post-576","page","type-page","status-publish","hentry"],"_links":{"self":[{"href":"https:\/\/velvetforwomen.com\/pt\/wp-json\/wp\/v2\/pages\/576","targetHints":{"allow":["GET"]}}],"collection":[{"href":"https:\/\/velvetforwomen.com\/pt\/wp-json\/wp\/v2\/pages"}],"about":[{"href":"https:\/\/velvetforwomen.com\/pt\/wp-json\/wp\/v2\/types\/page"}],"author":[{"embeddable":true,"href":"https:\/\/velvetforwomen.com\/pt\/wp-json\/wp\/v2\/users\/1"}],"replies":[{"embeddable":true,"href":"https:\/\/velvetforwomen.com\/pt\/wp-json\/wp\/v2\/comments?post=576"}],"version-history":[{"count":0,"href":"https:\/\/velvetforwomen.com\/pt\/wp-json\/wp\/v2\/pages\/576\/revisions"}],"wp:attachment":[{"href":"https:\/\/velvetforwomen.com\/pt\/wp-json\/wp\/v2\/media?parent=576"}],"curies":[{"name":"wp","href":"https:\/\/api.w.org\/{rel}","templated":true}]}}